{"id":696,"date":"2021-02-10T14:54:33","date_gmt":"2021-02-10T13:54:33","guid":{"rendered":"https:\/\/venteo.net\/cpure\/?page_id=696"},"modified":"2021-02-10T15:22:23","modified_gmt":"2021-02-10T14:22:23","slug":"mentions-legales","status":"publish","type":"page","link":"https:\/\/venteo.net\/cpure\/mentions-legales\/","title":{"rendered":"Mentions l\u00e9gales"},"content":{"rendered":"\t\t<div data-elementor-type=\"wp-page\" data-elementor-id=\"696\" class=\"elementor elementor-696\" data-elementor-settings=\"[]\">\n\t\t\t\t\t\t<div class=\"elementor-inner\">\n\t\t\t\t\t\t\t<div class=\"elementor-section-wrap\">\n\t\t\t\t\t\t\t<section class=\"elementor-section elementor-top-section elementor-element elementor-element-1cf249b elementor-section-full_width elementor-section-stretched elementor-section-height-default elementor-section-height-default\" data-id=\"1cf249b\" data-element_type=\"section\" data-settings=\"{&quot;stretch_section&quot;:&quot;section-stretched&quot;,&quot;background_background&quot;:&quot;gradient&quot;}\">\n\t\t\t\t\t\t<div class=\"elementor-container elementor-column-gap-default\">\n\t\t\t\t\t\t\t<div class=\"elementor-row\">\n\t\t\t\t\t<div class=\"elementor-column elementor-col-100 elementor-top-column elementor-element elementor-element-909baf3\" data-id=\"909baf3\" data-element_type=\"column\">\n\t\t\t<div class=\"elementor-column-wrap elementor-element-populated\">\n\t\t\t\t\t\t\t<div class=\"elementor-widget-wrap\">\n\t\t\t\t\t\t<div class=\"elementor-element elementor-element-84e9fa1 elementor-widget elementor-widget-heading\" data-id=\"84e9fa1\" data-element_type=\"widget\" data-widget_type=\"heading.default\">\n\t\t\t\t<div class=\"elementor-widget-container\">\n\t\t\t<h2 class=\"elementor-heading-title elementor-size-xl\">Mentions l\u00e9gales<\/h2>\t\t<\/div>\n\t\t\t\t<\/div>\n\t\t\t\t\t\t<\/div>\n\t\t\t\t\t<\/div>\n\t\t<\/div>\n\t\t\t\t\t\t\t\t<\/div>\n\t\t\t\t\t<\/div>\n\t\t<\/section>\n\t\t\t\t<section class=\"elementor-section elementor-top-section elementor-element elementor-element-edc7b3f elementor-section-boxed elementor-section-height-default elementor-section-height-default\" data-id=\"edc7b3f\" data-element_type=\"section\">\n\t\t\t\t\t\t<div class=\"elementor-container elementor-column-gap-default\">\n\t\t\t\t\t\t\t<div class=\"elementor-row\">\n\t\t\t\t\t<div class=\"elementor-column elementor-col-100 elementor-top-column elementor-element elementor-element-109d2ef\" data-id=\"109d2ef\" data-element_type=\"column\">\n\t\t\t<div class=\"elementor-column-wrap elementor-element-populated\">\n\t\t\t\t\t\t\t<div class=\"elementor-widget-wrap\">\n\t\t\t\t\t\t<section class=\"elementor-section elementor-inner-section elementor-element elementor-element-50ae935 elementor-section-boxed elementor-section-height-default elementor-section-height-default\" data-id=\"50ae935\" data-element_type=\"section\">\n\t\t\t\t\t\t<div class=\"elementor-container elementor-column-gap-default\">\n\t\t\t\t\t\t\t<div class=\"elementor-row\">\n\t\t\t\t\t<div class=\"elementor-column elementor-col-33 elementor-inner-column elementor-element elementor-element-ada645d\" data-id=\"ada645d\" data-element_type=\"column\">\n\t\t\t<div class=\"elementor-column-wrap elementor-element-populated\">\n\t\t\t\t\t\t\t<div class=\"elementor-widget-wrap\">\n\t\t\t\t\t\t<div class=\"elementor-element elementor-element-65394b8 elementor-widget elementor-widget-text-editor\" data-id=\"65394b8\" data-element_type=\"widget\" data-widget_type=\"text-editor.default\">\n\t\t\t\t<div class=\"elementor-widget-container\">\n\t\t\t\t\t<div class=\"elementor-text-editor elementor-clearfix\"><h3 style=\"text-align: center; padding-bottom: 10px; border-bottom: 1px solid #1D6A3D;\">\u00c9dition<\/h3>\n<h4>VENT\u00c9O &#8211; \u00cele de France<\/h4>\n<p>SAS au capital de 134 100 euros<\/p>\n<p style=\"padding-left: 20px;\">B\u00e2timent C \u2013 Hall 202\nAvenue Louis Roche<br\/>\n\n92230 Gennevilliers<br\/>\n\nT\u00e9l : 01 40 85 42 22<\/p>\n\n<p><strong>Directeur de la publication<\/strong> : M. Christophe BESSON<\/p>\n\n<p><strong>Contact :<\/strong> <a href=\"mailto:contact@venteo.net\" target=\"_blank\" rel=\"noopener\">contact@venteo.net<\/a><\/p><\/div>\n\t\t\t\t<\/div>\n\t\t\t\t<\/div>\n\t\t\t\t\t\t<\/div>\n\t\t\t\t\t<\/div>\n\t\t<\/div>\n\t\t\t\t<div class=\"elementor-column elementor-col-33 elementor-inner-column elementor-element elementor-element-1e7bfe6\" data-id=\"1e7bfe6\" data-element_type=\"column\">\n\t\t\t<div class=\"elementor-column-wrap elementor-element-populated\">\n\t\t\t\t\t\t\t<div class=\"elementor-widget-wrap\">\n\t\t\t\t\t\t<div class=\"elementor-element elementor-element-9cb08d9 elementor-widget elementor-widget-text-editor\" data-id=\"9cb08d9\" data-element_type=\"widget\" data-widget_type=\"text-editor.default\">\n\t\t\t\t<div class=\"elementor-widget-container\">\n\t\t\t\t\t<div class=\"elementor-text-editor elementor-clearfix\"><h3 style=\"text-align: center; padding-bottom: 10px; border-bottom: 1px solid #1D6A3D;\">R\u00e9alisation<\/h3>\n<h4>APE \u00c9ditions<\/h4>\n<p style=\"padding-left: 20px;\">6, place de la Corne d\u2019Or<br\/>\n06230 Villefranche\u2013sur-Mer<\/p><\/div>\n\t\t\t\t<\/div>\n\t\t\t\t<\/div>\n\t\t\t\t\t\t<\/div>\n\t\t\t\t\t<\/div>\n\t\t<\/div>\n\t\t\t\t<div class=\"elementor-column elementor-col-33 elementor-inner-column elementor-element elementor-element-886a2f4\" data-id=\"886a2f4\" data-element_type=\"column\">\n\t\t\t<div class=\"elementor-column-wrap elementor-element-populated\">\n\t\t\t\t\t\t\t<div class=\"elementor-widget-wrap\">\n\t\t\t\t\t\t<div class=\"elementor-element elementor-element-1a9fd4f elementor-widget elementor-widget-text-editor\" data-id=\"1a9fd4f\" data-element_type=\"widget\" data-widget_type=\"text-editor.default\">\n\t\t\t\t<div class=\"elementor-widget-container\">\n\t\t\t\t\t<div class=\"elementor-text-editor elementor-clearfix\"><h3 style=\"text-align: center; padding-bottom: 10px; border-bottom: 1px solid #1D6A3D;\">H\u00e9bergement<\/h3>\n<h4>OVH<\/h4>\n<p style=\"padding-left: 20px;\">2 rue Kellermann<br\/>\n59100 Roubaix<\/p><\/div>\n\t\t\t\t<\/div>\n\t\t\t\t<\/div>\n\t\t\t\t\t\t<\/div>\n\t\t\t\t\t<\/div>\n\t\t<\/div>\n\t\t\t\t\t\t\t\t<\/div>\n\t\t\t\t\t<\/div>\n\t\t<\/section>\n\t\t\t\t<section class=\"elementor-section elementor-inner-section elementor-element elementor-element-2e5b457 elementor-section-boxed elementor-section-height-default elementor-section-height-default\" data-id=\"2e5b457\" data-element_type=\"section\">\n\t\t\t\t\t\t<div class=\"elementor-container elementor-column-gap-default\">\n\t\t\t\t\t\t\t<div class=\"elementor-row\">\n\t\t\t\t\t<div class=\"elementor-column elementor-col-100 elementor-inner-column elementor-element elementor-element-026acba\" data-id=\"026acba\" data-element_type=\"column\">\n\t\t\t<div class=\"elementor-column-wrap elementor-element-populated\">\n\t\t\t\t\t\t\t<div class=\"elementor-widget-wrap\">\n\t\t\t\t\t\t<div class=\"elementor-element elementor-element-9dd3d61 elementor-widget-divider--view-line elementor-widget elementor-widget-divider\" data-id=\"9dd3d61\" data-element_type=\"widget\" data-widget_type=\"divider.default\">\n\t\t\t\t<div class=\"elementor-widget-container\">\n\t\t\t\t\t<div class=\"elementor-divider\">\n\t\t\t<span class=\"elementor-divider-separator\">\n\t\t\t\t\t\t<\/span>\n\t\t<\/div>\n\t\t\t\t<\/div>\n\t\t\t\t<\/div>\n\t\t\t\t<div class=\"elementor-element elementor-element-418c65c elementor-widget elementor-widget-text-editor\" data-id=\"418c65c\" data-element_type=\"widget\" data-widget_type=\"text-editor.default\">\n\t\t\t\t<div class=\"elementor-widget-container\">\n\t\t\t\t\t<div class=\"elementor-text-editor elementor-clearfix\"><h3><strong>Conditions g\u00e9n\u00e9rales d&rsquo;utilisation<\/strong><\/h3><p>L\u2019utilisation du site venteo.net\/cpure implique l\u2019acceptation pleine et enti\u00e8re des conditions g\u00e9n\u00e9rales d\u2019utilisation ci-apr\u00e8s d\u00e9crites.<\/p><p>Ces conditions d\u2019utilisation sont susceptibles d\u2019\u00eatre modifi\u00e9es ou compl\u00e9t\u00e9es \u00e0 tout moment, les utilisateurs du site venteo.net sont donc invit\u00e9s \u00e0 les consulter de mani\u00e8re r\u00e9guli\u00e8re.<\/p><p>Pour une navigation optimale, le site internet venteo.net\/cpure utilise la technologie Javascript. L\u2019utilisateur, peut, \u00e0 tout moment d\u00e9sactiver l\u2019utilisation de Javascript de son navigateur impliquant alors une navigation d\u00e9grad\u00e9e et l\u2019impossibilit\u00e9 d\u2019acc\u00e9der \u00e0 certaines fonctionnalit\u00e9s du site.<\/p><p>L\u2019utilisateur du site s\u2019engage \u00e0 acc\u00e9der au site internet venteo.net en utilisant un mat\u00e9riel r\u00e9cent, ne contenant pas de virus et avec un navigateur de derni\u00e8re g\u00e9n\u00e9ration mis-\u00e0-jour. Il est rappel\u00e9 qu\u2019il appartient \u00e0 chaque utilisateur d\u2019internet de prendre toutes les mesures appropri\u00e9es de fa\u00e7on \u00e0 prot\u00e9ger ses propres donn\u00e9es et\/ou logiciels de la contamination d\u2019\u00e9ventuels virus circulant sur internet. Le site internet venteo.net\/cpure ne saurait donc \u00eatre tenu pour responsable d\u2019\u00e9ventuels dommages, directs ou indirects, pouvant d\u00e9couler de l\u2019acc\u00e8s, de l\u2019utilisation ou de t\u00e9l\u00e9chargement de contenu via le site internet, notamment, un dommage ou virus qui pourrait infecter l\u2019ordinateur de l\u2019utilisateur ou tout autre mat\u00e9riel. Le site venteo.net est mis \u00e0 jour r\u00e9guli\u00e8rement par la soci\u00e9t\u00e9 VENTEO ILE DE FRANCE.<br \/>De la m\u00eame fa\u00e7on, les mentions l\u00e9gales peuvent \u00eatre modifi\u00e9es \u00e0 tout moment : l\u2019utilisateur est invit\u00e9 \u00e0 s\u2019y r\u00e9f\u00e9rer le plus souvent possible afin d\u2019en prendre connaissance.<\/p><p>Les informations diffus\u00e9es sur le site ont un caract\u00e8re purement g\u00e9n\u00e9ral et informatif et ne sont donn\u00e9es qu\u2019\u00e0 titre indicatif. Le site internet venteo.net\/cpure ne garantit pas l\u2019exactitude et l\u2019exhaustivit\u00e9 de ces informations.<\/p><p>Tout le contenu de ce site peut \u00eatre sujet \u00e0 des changements sans pr\u00e9avis sans que la responsabilit\u00e9 de la soci\u00e9t\u00e9 VENTEO ILE DE FRANCE soit tenue responsable.<\/p><\/div>\n\t\t\t\t<\/div>\n\t\t\t\t<\/div>\n\t\t\t\t<div class=\"elementor-element elementor-element-f54a819 elementor-widget elementor-widget-text-editor\" data-id=\"f54a819\" data-element_type=\"widget\" data-widget_type=\"text-editor.default\">\n\t\t\t\t<div class=\"elementor-widget-container\">\n\t\t\t\t\t<div class=\"elementor-text-editor elementor-clearfix\"><h3><strong>Propri\u00e9t\u00e9 intellectuelle<\/strong><\/h3><p>Le site et chacun des \u00e9l\u00e9ments, y compris mais sans limitation les marques, les logos, ic\u00f4nes, infographies, photographies, qui le composent sont prot\u00e9g\u00e9s au titre de la l\u00e9gislation internationale de la propri\u00e9t\u00e9 intellectuelle. Les contenus figurant sur le site sont la propri\u00e9t\u00e9 de la soci\u00e9t\u00e9 VENTEO ILE DE FRANCE. Toute utilisation, reproduction ou repr\u00e9sentation, par quelque proc\u00e9d\u00e9 que ce soit, et sur quelque support que ce soit, de tout ou partie du site et\/ou des \u00e9l\u00e9ments qui le composent n\u2019est pas autoris\u00e9e sans le consentement expresse de la soci\u00e9t\u00e9 VENTEO ILE DE FRANCE.<\/p><\/div>\n\t\t\t\t<\/div>\n\t\t\t\t<\/div>\n\t\t\t\t\t\t<\/div>\n\t\t\t\t\t<\/div>\n\t\t<\/div>\n\t\t\t\t\t\t\t\t<\/div>\n\t\t\t\t\t<\/div>\n\t\t<\/section>\n\t\t\t\t\t\t<\/div>\n\t\t\t\t\t<\/div>\n\t\t<\/div>\n\t\t\t\t\t\t\t\t<\/div>\n\t\t\t\t\t<\/div>\n\t\t<\/section>\n\t\t\t\t\t\t<\/div>\n\t\t\t\t\t\t<\/div>\n\t\t\t\t\t<\/div>\n\t\t","protected":false},"excerpt":{"rendered":"<p>Mentions l\u00e9gales \u00c9dition VENT\u00c9O &#8211; \u00cele de France SAS au capital de 134 100 euros B\u00e2timent C \u2013 Hall 202 Avenue Louis Roche 92230 Gennevilliers T\u00e9l<span class=\"excerpt-hellip\"> [\u2026]<\/span><\/p>\n","protected":false},"author":1,"featured_media":0,"parent":0,"menu_order":0,"comment_status":"closed","ping_status":"closed","template":"","meta":{"footnotes":""},"class_list":["post-696","page","type-page","status-publish","hentry"],"_links":{"self":[{"href":"https:\/\/venteo.net\/cpure\/wp-json\/wp\/v2\/pages\/696","targetHints":{"allow":["GET"]}}],"collection":[{"href":"https:\/\/venteo.net\/cpure\/wp-json\/wp\/v2\/pages"}],"about":[{"href":"https:\/\/venteo.net\/cpure\/wp-json\/wp\/v2\/types\/page"}],"author":[{"embeddable":true,"href":"https:\/\/venteo.net\/cpure\/wp-json\/wp\/v2\/users\/1"}],"replies":[{"embeddable":true,"href":"https:\/\/venteo.net\/cpure\/wp-json\/wp\/v2\/comments?post=696"}],"version-history":[{"count":49,"href":"https:\/\/venteo.net\/cpure\/wp-json\/wp\/v2\/pages\/696\/revisions"}],"predecessor-version":[{"id":746,"href":"https:\/\/venteo.net\/cpure\/wp-json\/wp\/v2\/pages\/696\/revisions\/746"}],"wp:attachment":[{"href":"https:\/\/venteo.net\/cpure\/wp-json\/wp\/v2\/media?parent=696"}],"curies":[{"name":"wp","href":"https:\/\/api.w.org\/{rel}","templated":true}]}}